{"id":144,"date":"2024-02-17T00:07:31","date_gmt":"2024-02-16T23:07:31","guid":{"rendered":"https:\/\/km.kmokno.eu\/?page_id=144"},"modified":"2024-10-03T18:54:29","modified_gmt":"2024-10-03T16:54:29","slug":"o-firmie","status":"publish","type":"page","link":"https:\/\/kmokno.pl\/de\/o-firmie\/","title":{"rendered":"\u00dcber das Unternehmen"},"content":{"rendered":"\n[et_pb_section fb_built=&#8221;1&#8243; admin_label=&#8221;Get Started&#8221; _builder_version=&#8221;4.16&#8243; custom_padding=&#8221;0px||||false|false&#8221; saved_tabs=&#8221;all&#8221; global_colors_info=&#8221;{}&#8221;][et_pb_row use_custom_gutter=&#8221;on&#8221; gutter_width=&#8221;2&#8243; _builder_version=&#8221;4.16&#8243; max_width=&#8221;1700px&#8221; custom_margin=&#8221;|||&#8221; custom_padding=&#8221;42px|||||&#8221; use_custom_width=&#8221;on&#8221; custom_width_px=&#8221;1700px&#8221; global_colors_info=&#8221;{}&#8221;][et_pb_column type=&#8221;4_4&#8243; _builder_version=&#8221;4.16&#8243; custom_padding=&#8221;|||&#8221; global_colors_info=&#8221;{}&#8221; custom_padding__hover=&#8221;|||&#8221;][et_pb_image src=&#8221;https:\/\/kmokno.pl\/wp-content\/uploads\/2024\/02\/Logo-e1708353019938.png&#8221; title_text=&#8221;Logo&#8221; align=&#8221;center&#8221; align_tablet=&#8221;center&#8221; align_phone=&#8221;center&#8221; align_last_edited=&#8221;on|desktop&#8221; _builder_version=&#8221;4.24.0&#8243; width=&#8221;54%&#8221; max_width=&#8221;1100px&#8221; module_alignment=&#8221;center&#8221; custom_margin=&#8221;-1vw|||||&#8221; custom_margin_tablet=&#8221;0vw|||&#8221; custom_margin_phone=&#8221;&#8221; custom_margin_last_edited=&#8221;on|tablet&#8221; custom_padding=&#8221;46px|||||&#8221; animation_direction=&#8221;left&#8221; hover_enabled=&#8221;0&#8243; global_colors_info=&#8221;{}&#8221; sticky_enabled=&#8221;0&#8243;][\/et_pb_image][et_pb_heading title=&#8221;Historia Firmy&#8221; _builder_version=&#8221;4.24.0&#8243; _module_preset=&#8221;default&#8221; title_font=&#8221;Poppins||||||||&#8221; title_text_align=&#8221;center&#8221; custom_padding=&#8221;66px|||||&#8221; global_colors_info=&#8221;{}&#8221;][\/et_pb_heading][et_pb_text _builder_version=&#8221;4.24.0&#8243; text_font=&#8221;Poppins|300|||||||&#8221; text_font_size=&#8221;16px&#8221; text_line_height=&#8221;2em&#8221; ul_font=&#8221;||||||||&#8221; header_font=&#8221;||||||||&#8221; header_2_font=&#8221;Roboto|700|||||||&#8221; header_2_font_size=&#8221;45px&#8221; header_2_line_height=&#8221;1.2em&#8221; header_3_font=&#8221;||||||||&#8221; max_width=&#8221;800px&#8221; max_width_last_edited=&#8221;off|desktop&#8221; module_alignment=&#8221;center&#8221; custom_margin=&#8221;|||209px||&#8221; custom_padding=&#8221;|||&#8221; header_2_font_size_tablet=&#8221;35px&#8221; header_2_font_size_phone=&#8221;28px&#8221; header_2_font_size_last_edited=&#8221;on|desktop&#8221; global_colors_info=&#8221;{}&#8221;]<p style=\"text-align: justify;\">Nasza firma, KMOKNO, zainicjowa\u0142a swoj\u0105 dzia\u0142alno\u015b\u0107 w 2008, zak\u0142adaj\u0105c fundamenty na solidnych warto\u015bciach i pasji. Pocz\u0105tki naszej przygody zacz\u0119\u0142y si\u0119 od ma\u0142ej, rodzinnie prowadzonej manufaktury, kt\u00f3ra z czasem przekszta\u0142ci\u0142a si\u0119 w wiod\u0105cego producenta okien i drzwi PCV. Dzi\u0119ki ci\u0119\u017ckiej pracy, determinacji oraz zaanga\u017cowaniu, uda\u0142o nam si\u0119 rozwin\u0105\u0107 nasze przedsi\u0119biorstwo, oferuj\u0105c produkty najwy\u017cszej jako\u015bci dla dystrybutor\u00f3w na terenie ca\u0142ej Europy.<\/p>[\/et_pb_text][et_pb_image src=&#8221;https:\/\/kmokno.pl\/wp-content\/uploads\/2024\/03\/window-industrial.jpg&#8221; title_text=&#8221;Taking the window. Industrial worker indoors in factory. Young technician with orange hard hat&#8221; align=&#8221;center&#8221; _builder_version=&#8221;4.24.0&#8243; _module_preset=&#8221;default&#8221; width=&#8221;54%&#8221; custom_padding=&#8221;|0px||||&#8221; border_radii=&#8221;on|10px|10px|10px|10px&#8221; box_shadow_style=&#8221;preset3&#8243; global_colors_info=&#8221;{}&#8221;][\/et_pb_image][\/et_pb_column][\/et_pb_row][\/et_pb_section][et_pb_section fb_built=&#8221;1&#8243; custom_padding_last_edited=&#8221;off|desktop&#8221; _builder_version=&#8221;4.16&#8243; use_background_color_gradient=&#8221;on&#8221; background_color_gradient_stops=&#8221;#ffffff 0%|#F2F2FA 50%&#8221; background_color_gradient_start=&#8221;#ffffff&#8221; background_color_gradient_end=&#8221;#F2F2FA&#8221; background_color_gradient_end_position=&#8221;50%&#8221; background_size=&#8221;initial&#8221; custom_padding=&#8221;40px||0px|||&#8221; custom_padding_tablet=&#8221;0px||0px|0px&#8221; custom_padding_phone=&#8221;|||&#8221; bottom_divider_style=&#8221;slant2&#8243; bottom_divider_color=&#8221;#f7f7f7&#8243; bottom_divider_height=&#8221;250px&#8221; bottom_divider_height_tablet=&#8221;150px&#8221; bottom_divider_height_phone=&#8221;110px&#8221; bottom_divider_height_last_edited=&#8221;on|phone&#8221; global_colors_info=&#8221;{}&#8221;][\/et_pb_section][et_pb_section fb_built=&#8221;1&#8243; _builder_version=&#8221;4.24.0&#8243; _module_preset=&#8221;default&#8221; custom_padding=&#8221;0px|||||&#8221; global_colors_info=&#8221;{}&#8221;][et_pb_row _builder_version=&#8221;4.24.0&#8243; _module_preset=&#8221;default&#8221; global_colors_info=&#8221;{}&#8221;][et_pb_column type=&#8221;4_4&#8243; _builder_version=&#8221;4.24.0&#8243; _module_preset=&#8221;default&#8221; global_colors_info=&#8221;{}&#8221;][et_pb_heading title=&#8221;Warto\u015bci i Misja&#8221; _builder_version=&#8221;4.24.0&#8243; _module_preset=&#8221;default&#8221; title_font=&#8221;Poppins||||||||&#8221; title_text_align=&#8221;center&#8221; custom_padding=&#8221;66px|||||&#8221; global_colors_info=&#8221;{}&#8221;][\/et_pb_heading][et_pb_text _builder_version=&#8221;4.24.0&#8243; text_font=&#8221;Poppins|300|||||||&#8221; text_font_size=&#8221;16px&#8221; text_line_height=&#8221;2em&#8221; ul_font=&#8221;||||||||&#8221; header_font=&#8221;||||||||&#8221; header_2_font=&#8221;Roboto|700|||||||&#8221; header_2_font_size=&#8221;45px&#8221; header_2_line_height=&#8221;1.2em&#8221; header_3_font=&#8221;||||||||&#8221; max_width=&#8221;800px&#8221; max_width_last_edited=&#8221;off|desktop&#8221; module_alignment=&#8221;center&#8221; custom_margin=&#8221;|||209px||&#8221; custom_padding=&#8221;|||&#8221; header_2_font_size_tablet=&#8221;35px&#8221; header_2_font_size_phone=&#8221;28px&#8221; header_2_font_size_last_edited=&#8221;on|desktop&#8221; global_colors_info=&#8221;{}&#8221;]<p style=\"text-align: justify;\">Nasz\u0105 misj\u0105 jest dostarczanie produkt\u00f3w, kt\u00f3re nie tylko spe\u0142niaj\u0105, ale i przekraczaj\u0105 oczekiwania naszych klient\u00f3w pod wzgl\u0119dem jako\u015bci, funkcjonalno\u015bci i estetyki. KMOKNO opiera si\u0119 na warto\u015bciach takich jak uczciwo\u015b\u0107, innowacyjno\u015b\u0107 i zr\u00f3wnowa\u017cony rozw\u00f3j. Wierzymy, \u017ce sukces mo\u017cna osi\u0105gn\u0105\u0107 tylko przez szacunek do pracy, ludzi i \u015brodowiska. Nasze zaanga\u017cowanie w prace oraz ci\u0105g\u0142e d\u0105\u017cenie do doskonalenia s\u0105 odzwierciedleniem naszej pasji do tworzenia lepszego jutra dla naszych klient\u00f3w i wsp\u00f3\u0142pracownik\u00f3w.<\/p>[\/et_pb_text][et_pb_image src=&#8221;https:\/\/kmokno.pl\/wp-content\/uploads\/2024\/03\/businessman-standing.jpg&#8221; title_text=&#8221;Mature businessman standing at the window in a hotel.&#8221; align=&#8221;center&#8221; _builder_version=&#8221;4.24.0&#8243; _module_preset=&#8221;default&#8221; width=&#8221;75%&#8221; custom_padding=&#8221;|0px||||&#8221; border_radii=&#8221;on|10px|10px|10px|10px&#8221; box_shadow_style=&#8221;preset3&#8243; global_colors_info=&#8221;{}&#8221;][\/et_pb_image][\/et_pb_column][\/et_pb_row][\/et_pb_section][et_pb_section fb_built=&#8221;1&#8243; _builder_version=&#8221;4.24.0&#8243; _module_preset=&#8221;default&#8221; custom_padding=&#8221;0px|||||&#8221; global_colors_info=&#8221;{}&#8221;][et_pb_row _builder_version=&#8221;4.24.0&#8243; _module_preset=&#8221;default&#8221; global_colors_info=&#8221;{}&#8221;][et_pb_column type=&#8221;4_4&#8243; _builder_version=&#8221;4.24.0&#8243; _module_preset=&#8221;default&#8221; global_colors_info=&#8221;{}&#8221;][et_pb_heading title=&#8221;Zesp\u00f3\u0142&#8221; _builder_version=&#8221;4.24.0&#8243; _module_preset=&#8221;default&#8221; title_font=&#8221;Poppins||||||||&#8221; title_text_align=&#8221;center&#8221; custom_padding=&#8221;66px|||||&#8221; global_colors_info=&#8221;{}&#8221;][\/et_pb_heading][et_pb_text _builder_version=&#8221;4.24.0&#8243; text_font=&#8221;Poppins|300|||||||&#8221; text_font_size=&#8221;16px&#8221; text_line_height=&#8221;2em&#8221; ul_font=&#8221;||||||||&#8221; header_font=&#8221;||||||||&#8221; header_2_font=&#8221;Roboto|700|||||||&#8221; header_2_font_size=&#8221;45px&#8221; header_2_line_height=&#8221;1.2em&#8221; header_3_font=&#8221;||||||||&#8221; max_width=&#8221;800px&#8221; max_width_last_edited=&#8221;off|desktop&#8221; module_alignment=&#8221;center&#8221; custom_margin=&#8221;|||209px||&#8221; custom_padding=&#8221;|||&#8221; header_2_font_size_tablet=&#8221;35px&#8221; header_2_font_size_phone=&#8221;28px&#8221; header_2_font_size_last_edited=&#8221;on|desktop&#8221; global_colors_info=&#8221;{}&#8221;]<p style=\"text-align: justify;\">Za sukcesem KMOKNO stoi zesp\u00f3\u0142 wykwalifikowanych profesjonalist\u00f3w, kt\u00f3rych wsp\u00f3lna pasja i zaanga\u017cowanie nap\u0119dzaj\u0105 nasz\u0105 firm\u0119 do przodu. Od in\u017cynier\u00f3w, przez technik\u00f3w, po obs\u0142ug\u0119 klienta &#8211; ka\u017cdy cz\u0142onek naszej ekipy jest ekspertem w swojej dziedzinie. Dzi\u0119ki temu jeste\u015bmy w stanie wsp\u00f3lnie pracowa\u0107 nad innowacyjnymi rozwi\u0105zaniami, kt\u00f3re odpowiadaj\u0105 na potrzeby rynku i przyczyniaj\u0105 si\u0119 do poprawy jako\u015bci \u017cycia naszych klient\u00f3w.<\/p>[\/et_pb_text][et_pb_image src=&#8221;https:\/\/kmokno.pl\/wp-content\/uploads\/2024\/03\/IMG-20231018-WA0077.jpg&#8221; title_text=&#8221;IMG-20231018-WA0077&#8243; align=&#8221;center&#8221; _builder_version=&#8221;4.24.0&#8243; _module_preset=&#8221;default&#8221; width=&#8221;75%&#8221; custom_padding=&#8221;|0px||||&#8221; border_radii=&#8221;on|10px|10px|10px|10px&#8221; box_shadow_style=&#8221;preset3&#8243; global_colors_info=&#8221;{}&#8221;][\/et_pb_image][\/et_pb_column][\/et_pb_row][\/et_pb_section][et_pb_section fb_built=&#8221;1&#8243; _builder_version=&#8221;4.24.0&#8243; _module_preset=&#8221;default&#8221; custom_padding=&#8221;0px|||||&#8221; global_colors_info=&#8221;{}&#8221;][et_pb_row _builder_version=&#8221;4.24.0&#8243; _module_preset=&#8221;default&#8221; global_colors_info=&#8221;{}&#8221;][et_pb_column type=&#8221;4_4&#8243; _builder_version=&#8221;4.24.0&#8243; _module_preset=&#8221;default&#8221; global_colors_info=&#8221;{}&#8221;][et_pb_heading title=&#8221;Do\u015bwiadczenie&#8221; _builder_version=&#8221;4.24.0&#8243; _module_preset=&#8221;default&#8221; title_font=&#8221;Poppins||||||||&#8221; title_text_align=&#8221;center&#8221; custom_padding=&#8221;66px|||||&#8221; global_colors_info=&#8221;{}&#8221;][\/et_pb_heading][et_pb_text _builder_version=&#8221;4.24.0&#8243; text_font=&#8221;Poppins|300|||||||&#8221; text_font_size=&#8221;16px&#8221; text_line_height=&#8221;2em&#8221; ul_font=&#8221;||||||||&#8221; header_font=&#8221;||||||||&#8221; header_2_font=&#8221;Roboto|700|||||||&#8221; header_2_font_size=&#8221;45px&#8221; header_2_line_height=&#8221;1.2em&#8221; header_3_font=&#8221;||||||||&#8221; max_width=&#8221;800px&#8221; max_width_last_edited=&#8221;off|desktop&#8221; module_alignment=&#8221;center&#8221; custom_margin=&#8221;|||209px||&#8221; custom_padding=&#8221;|||&#8221; header_2_font_size_tablet=&#8221;35px&#8221; header_2_font_size_phone=&#8221;28px&#8221; header_2_font_size_last_edited=&#8221;on|desktop&#8221; global_colors_info=&#8221;{}&#8221;]<p style=\"text-align: justify;\">Przez lata naszej dzia\u0142alno\u015bci zdobyli\u015bmy cenne do\u015bwiadczenie, kt\u00f3re pozwala nam zrozumie\u0107 i przewidzie\u0107 potrzeby rynku. Nasze produkty s\u0105 wynikiem po\u0142\u0105czenia tradycyjnych metod produkcji z nowoczesnymi technologiami, co pozwala nam oferowa\u0107 okna i drzwi PCV najwy\u017cszej klasy. Nasza historia wsp\u00f3\u0142pracy z wieloma dystrybutorami na terenie ca\u0142ej Europy jest dowodem na to, \u017ce KMOKNO jest synonimem zaufania, jako\u015bci i profesjonalizmu.<\/p>[\/et_pb_text][et_pb_image src=&#8221;https:\/\/kmokno.pl\/wp-content\/uploads\/2024\/03\/factory-worker.jpg&#8221; title_text=&#8221;A factory worker or machine operator in overalls holds a white h&#8221; align=&#8221;center&#8221; _builder_version=&#8221;4.24.0&#8243; _module_preset=&#8221;default&#8221; width=&#8221;75%&#8221; custom_padding=&#8221;|0px||||&#8221; border_radii=&#8221;on|10px|10px|10px|10px&#8221; box_shadow_style=&#8221;preset3&#8243; global_colors_info=&#8221;{}&#8221;][\/et_pb_image][\/et_pb_column][\/et_pb_row][\/et_pb_section][et_pb_section fb_built=&#8221;1&#8243; _builder_version=&#8221;4.24.0&#8243; _module_preset=&#8221;default&#8221; custom_padding=&#8221;0px|||||&#8221; global_colors_info=&#8221;{}&#8221;][et_pb_row _builder_version=&#8221;4.24.0&#8243; _module_preset=&#8221;default&#8221; global_colors_info=&#8221;{}&#8221;][et_pb_column type=&#8221;4_4&#8243; _builder_version=&#8221;4.24.0&#8243; _module_preset=&#8221;default&#8221; global_colors_info=&#8221;{}&#8221;][et_pb_heading title=&#8221;Kontakt&#8221; _builder_version=&#8221;4.24.0&#8243; _module_preset=&#8221;default&#8221; title_font=&#8221;Poppins||||||||&#8221; title_text_align=&#8221;center&#8221; custom_padding=&#8221;66px|||||&#8221; global_colors_info=&#8221;{}&#8221;][\/et_pb_heading][et_pb_text _builder_version=&#8221;4.24.0&#8243; text_font=&#8221;Poppins|300|||||||&#8221; text_font_size=&#8221;16px&#8221; text_line_height=&#8221;2em&#8221; ul_font=&#8221;||||||||&#8221; header_font=&#8221;||||||||&#8221; header_2_font=&#8221;Roboto|700|||||||&#8221; header_2_font_size=&#8221;45px&#8221; header_2_line_height=&#8221;1.2em&#8221; header_3_font=&#8221;||||||||&#8221; max_width=&#8221;800px&#8221; max_width_last_edited=&#8221;off|desktop&#8221; module_alignment=&#8221;center&#8221; custom_margin=&#8221;|||209px||&#8221; custom_padding=&#8221;|||&#8221; header_2_font_size_tablet=&#8221;35px&#8221; header_2_font_size_phone=&#8221;28px&#8221; header_2_font_size_last_edited=&#8221;on|desktop&#8221; global_colors_info=&#8221;{}&#8221;]<p style=\"text-align: justify;\">Zach\u0119camy do kontaktu z nami, aby dowiedzie\u0107 si\u0119 wi\u0119cej o naszej ofercie oraz mo\u017cliwo\u015bciach wsp\u00f3\u0142pracy. Jeste\u015bmy dost\u0119pni przez e-mail: biuro@kmokno.pl, telefon: +48 146814298, lub mo\u017cna nas odwiedzi\u0107 osobi\u015bcie w naszej siedzibie znajduj\u0105cej si\u0119 pod adresem: 39-215 Czarna, Borowa 171. Nasz zesp\u00f3\u0142 z przyjemno\u015bci\u0105 odpowie na wszystkie pytania i pomo\u017ce znale\u017a\u0107 najlepsze rozwi\u0105zania dostosowane do potrzeb Twojej firmy.<\/p>[\/et_pb_text][et_pb_image src=&#8221;https:\/\/kmokno.pl\/wp-content\/uploads\/2024\/03\/professional-bearded.jpg&#8221; title_text=&#8221;Corporate communication. Smiling professional bearded male entrepreneur has succssful business conversation keeps modern smartphone near ear poses near desktop dressed in formal suit focused away.&#8221; align=&#8221;center&#8221; _builder_version=&#8221;4.24.0&#8243; _module_preset=&#8221;default&#8221; width=&#8221;75%&#8221; max_width=&#8221;99%&#8221; custom_padding=&#8221;|0px||||&#8221; border_radii=&#8221;on|10px|10px|10px|10px&#8221; box_shadow_style=&#8221;preset3&#8243; global_colors_info=&#8221;{}&#8221;][\/et_pb_image][\/et_pb_column][\/et_pb_row][\/et_pb_section]\n","protected":false},"excerpt":{"rendered":"<p>Nasza firma, KMOKNO, zainicjowa\u0142a swoj\u0105 dzia\u0142alno\u015b\u0107 w 2008, zak\u0142adaj\u0105c fundamenty na solidnych warto\u015bciach i pasji. Pocz\u0105tki naszej przygody zacz\u0119\u0142y si\u0119 od ma\u0142ej, rodzinnie prowadzonej manufaktury, kt\u00f3ra z czasem przekszta\u0142ci\u0142a si\u0119 w wiod\u0105cego producenta okien i drzwi PCV. Dzi\u0119ki ci\u0119\u017ckiej pracy, determinacji oraz zaanga\u017cowaniu, uda\u0142o nam si\u0119 rozwin\u0105\u0107 nasze przedsi\u0119biorstwo, oferuj\u0105c produkty najwy\u017cszej jako\u015bci dla dystrybutor\u00f3w [&hellip;]<\/p>\n","protected":false},"author":1,"featured_media":175,"parent":0,"menu_order":0,"comment_status":"closed","ping_status":"closed","template":"","meta":{"_et_pb_use_builder":"on","_et_pb_old_content":"","_et_gb_content_width":"","footnotes":""},"class_list":["post-144","page","type-page","status-publish","has-post-thumbnail","hentry"],"aioseo_notices":[],"_links":{"self":[{"href":"https:\/\/kmokno.pl\/de\/wp-json\/wp\/v2\/pages\/144","targetHints":{"allow":["GET"]}}],"collection":[{"href":"https:\/\/kmokno.pl\/de\/wp-json\/wp\/v2\/pages"}],"about":[{"href":"https:\/\/kmokno.pl\/de\/wp-json\/wp\/v2\/types\/page"}],"author":[{"embeddable":true,"href":"https:\/\/kmokno.pl\/de\/wp-json\/wp\/v2\/users\/1"}],"replies":[{"embeddable":true,"href":"https:\/\/kmokno.pl\/de\/wp-json\/wp\/v2\/comments?post=144"}],"version-history":[{"count":19,"href":"https:\/\/kmokno.pl\/de\/wp-json\/wp\/v2\/pages\/144\/revisions"}],"predecessor-version":[{"id":84403,"href":"https:\/\/kmokno.pl\/de\/wp-json\/wp\/v2\/pages\/144\/revisions\/84403"}],"wp:featuredmedia":[{"embeddable":true,"href":"https:\/\/kmokno.pl\/de\/wp-json\/wp\/v2\/media\/175"}],"wp:attachment":[{"href":"https:\/\/kmokno.pl\/de\/wp-json\/wp\/v2\/media?parent=144"}],"curies":[{"name":"wp","href":"https:\/\/api.w.org\/{rel}","templated":true}]}}