{"id":147,"date":"2024-02-17T00:07:31","date_gmt":"2024-02-16T23:07:31","guid":{"rendered":"https:\/\/km.kmokno.eu\/?page_id=147"},"modified":"2024-10-04T06:33:43","modified_gmt":"2024-10-04T04:33:43","slug":"zusammenarbeit","status":"publish","type":"page","link":"https:\/\/kmokno.pl\/de\/wspolpraca\/","title":{"rendered":"Zusammenarbeit"},"content":{"rendered":"\n[et_pb_section fb_built=&#8221;1&#8243; custom_padding_last_edited=&#8221;off|desktop&#8221; admin_label=&#8221;About&#8221; _builder_version=&#8221;4.24.0&#8243; custom_padding=&#8221;||2px|||&#8221; custom_padding_tablet=&#8221;0px|||&#8221; custom_padding_phone=&#8221;0px|||&#8221; hover_enabled=&#8221;0&#8243; border_radii=&#8221;on|10px|10px|10px|10px&#8221; saved_tabs=&#8221;all&#8221; global_colors_info=&#8221;{}&#8221; top_divider_style=&#8221;asymmetric2&#8243; top_divider_color=&#8221;#E02B20&#8243; sticky_enabled=&#8221;0&#8243;][et_pb_row _builder_version=&#8221;4.24.0&#8243; locked=&#8221;off&#8221; global_colors_info=&#8221;{}&#8221;][et_pb_column type=&#8221;4_4&#8243; _builder_version=&#8221;4.16&#8243; custom_padding=&#8221;|||&#8221; global_colors_info=&#8221;{}&#8221; custom_padding__hover=&#8221;|||&#8221;][et_pb_text _builder_version=&#8221;4.24.0&#8243; text_font=&#8221;Poppins|300|||||||&#8221; text_text_color=&#8221;rgba(0,0,0,0.76)&#8221; text_font_size=&#8221;50px&#8221; text_line_height=&#8221;2em&#8221; ul_font=&#8221;||||||||&#8221; header_font=&#8221;||||||||&#8221; header_2_font=&#8221;Roboto|700|||||||&#8221; header_2_font_size=&#8221;45px&#8221; header_2_line_height=&#8221;1.2em&#8221; header_3_font=&#8221;||||||||&#8221; text_orientation=&#8221;center&#8221; max_width=&#8221;800px&#8221; max_width_last_edited=&#8221;off|desktop&#8221; module_alignment=&#8221;center&#8221; custom_margin=&#8221;|||&#8221; custom_padding=&#8221;|||&#8221; header_2_font_size_tablet=&#8221;35px&#8221; header_2_font_size_phone=&#8221;28px&#8221; header_2_font_size_last_edited=&#8221;on|phone&#8221; global_colors_info=&#8221;{}&#8221;]<p>Wsp\u00f3\u0142pracuj z KMOKNO<\/p>[\/et_pb_text][et_pb_text _builder_version=&#8221;4.24.0&#8243; text_font=&#8221;Poppins|300|||||||&#8221; text_font_size=&#8221;16px&#8221; text_line_height=&#8221;2em&#8221; ul_font=&#8221;||||||||&#8221; header_font=&#8221;||||||||&#8221; header_2_font=&#8221;Roboto|700|||||||&#8221; header_2_font_size=&#8221;45px&#8221; header_2_line_height=&#8221;1.2em&#8221; header_3_font=&#8221;||||||||&#8221; text_orientation=&#8221;center&#8221; max_width=&#8221;800px&#8221; max_width_last_edited=&#8221;off|desktop&#8221; module_alignment=&#8221;center&#8221; custom_margin=&#8221;|||&#8221; custom_padding=&#8221;|||&#8221; header_2_font_size_tablet=&#8221;35px&#8221; header_2_font_size_phone=&#8221;28px&#8221; header_2_font_size_last_edited=&#8221;on|phone&#8221; global_colors_info=&#8221;{}&#8221;]<p style=\"text-align: justify;\">Jeste\u015bmy dumni, \u017ce mo\u017cemy nawi\u0105za\u0107 wsp\u00f3\u0142prac\u0119 z Tob\u0105! KMOKNO to firma, kt\u00f3ra od lat dostarcza najwy\u017cszej jako\u015bci okna i drzwi na rynki europejskie. Nasze produkty zdoby\u0142y uznanie klient\u00f3w, a my jeste\u015bmy gotowi podzieli\u0107 si\u0119 naszym do\u015bwiadczeniem z Tob\u0105.<\/p>[\/et_pb_text][\/et_pb_column][\/et_pb_row][\/et_pb_section][et_pb_section fb_built=&#8221;1&#8243; custom_padding_last_edited=&#8221;off|desktop&#8221; admin_label=&#8221;Benefits&#8221; _builder_version=&#8221;4.16&#8243; custom_padding=&#8221;0px||22px|||&#8221; custom_padding_tablet=&#8221;0px|||&#8221; custom_padding_phone=&#8221;0px|||&#8221; bottom_divider_style=&#8221;ramp&#8221; bottom_divider_color=&#8221;#ffffff&#8221; bottom_divider_height=&#8221;250px&#8221; bottom_divider_height_tablet=&#8221;150px&#8221; bottom_divider_height_phone=&#8221;110px&#8221; bottom_divider_height_last_edited=&#8221;on|phone&#8221; hover_enabled=&#8221;0&#8243; border_radii=&#8221;on|10px|10px|10px|10px&#8221; saved_tabs=&#8221;all&#8221; global_colors_info=&#8221;{}&#8221; sticky_enabled=&#8221;0&#8243;][et_pb_row _builder_version=&#8221;4.16&#8243; custom_padding=&#8221;|||&#8221; use_custom_width=&#8221;on&#8221; global_colors_info=&#8221;{}&#8221;][et_pb_column type=&#8221;4_4&#8243; _builder_version=&#8221;4.16&#8243; custom_padding=&#8221;|||&#8221; global_colors_info=&#8221;{}&#8221; custom_padding__hover=&#8221;|||&#8221;][et_pb_text _builder_version=&#8221;4.24.0&#8243; text_font=&#8221;Poppins|300|||||||&#8221; text_font_size=&#8221;30px&#8221; text_line_height=&#8221;2em&#8221; ul_font=&#8221;||||||||&#8221; header_font=&#8221;||||||||&#8221; header_2_font=&#8221;Roboto|700|||||||&#8221; header_2_font_size=&#8221;45px&#8221; header_2_line_height=&#8221;1.2em&#8221; header_3_font=&#8221;||||||||&#8221; text_orientation=&#8221;center&#8221; max_width=&#8221;800px&#8221; max_width_last_edited=&#8221;off|desktop&#8221; module_alignment=&#8221;center&#8221; custom_margin=&#8221;|||&#8221; custom_padding=&#8221;|||&#8221; header_2_font_size_tablet=&#8221;35px&#8221; header_2_font_size_phone=&#8221;28px&#8221; header_2_font_size_last_edited=&#8221;on|phone&#8221; global_colors_info=&#8221;{}&#8221;]Dlaczego warto wybra\u0107 KMOKNO jako partnera?[\/et_pb_text][\/et_pb_column][\/et_pb_row][et_pb_row column_structure=&#8221;1_2,1_2&#8243; _builder_version=&#8221;4.16&#8243; custom_padding=&#8221;|||&#8221; use_custom_width=&#8221;on&#8221; global_colors_info=&#8221;{}&#8221;][et_pb_column type=&#8221;1_2&#8243; _builder_version=&#8221;4.16&#8243; custom_padding=&#8221;|||&#8221; global_colors_info=&#8221;{}&#8221; custom_padding__hover=&#8221;|||&#8221;][et_pb_blurb title=&#8221;Innowacyjne rozwi\u0105zania&#8221; image=&#8221;https:\/\/kmokno.pl\/wp-content\/uploads\/2024\/04\/Office.png&#8221; image_icon_width=&#8221;140px&#8221; _builder_version=&#8221;4.24.0&#8243; header_font=&#8221;Poppins|500|||||||&#8221; header_font_size=&#8221;18px&#8221; header_line_height=&#8221;1.7em&#8221; body_font=&#8221;Poppins|300|||||||&#8221; body_font_size=&#8221;16px&#8221; body_line_height=&#8221;1.8em&#8221; background_color=&#8221;#ffffff&#8221; text_orientation=&#8221;center&#8221; module_alignment=&#8221;left&#8221; custom_padding_last_edited=&#8221;off|desktop&#8221; animation_style=&#8221;zoom&#8221; animation_intensity_zoom=&#8221;8%&#8221; animation=&#8221;off&#8221; icon_font_size=&#8221;32px&#8221; global_colors_info=&#8221;{}&#8221;]<p style=\"text-align: justify;\">Nasze okna i drzwi s\u0105 oparte na nowoczesnych technologiach i materia\u0142ach. Dzi\u0119ki temu s\u0105 nie tylko estetyczne, ale tak\u017ce trwa\u0142e i energooszcz\u0119dne.<\/p>[\/et_pb_blurb][\/et_pb_column][et_pb_column type=&#8221;1_2&#8243; _builder_version=&#8221;4.16&#8243; custom_padding=&#8221;|||&#8221; global_colors_info=&#8221;{}&#8221; custom_padding__hover=&#8221;|||&#8221;][et_pb_blurb title=&#8221;Wsparcie dla partner\u00f3w&#8221; image=&#8221;https:\/\/kmokno.pl\/wp-content\/uploads\/2024\/04\/Deal.png&#8221; image_icon_width=&#8221;140px&#8221; _builder_version=&#8221;4.24.0&#8243; header_font=&#8221;Poppins|500|||||||&#8221; header_font_size=&#8221;18px&#8221; header_line_height=&#8221;1.7em&#8221; body_font=&#8221;Poppins|300|||||||&#8221; body_font_size=&#8221;16px&#8221; body_line_height=&#8221;1.8em&#8221; background_color=&#8221;#ffffff&#8221; text_orientation=&#8221;center&#8221; module_alignment=&#8221;left&#8221; custom_padding_last_edited=&#8221;off|desktop&#8221; animation_style=&#8221;zoom&#8221; animation_intensity_zoom=&#8221;8%&#8221; animation=&#8221;off&#8221; icon_font_size=&#8221;32px&#8221; global_colors_info=&#8221;{}&#8221;]<p style=\"text-align: justify;\"><span>Nasza kadra handlowa jest gotowa pom\u00f3c Ci w ka\u017cdym aspekcie wsp\u00f3\u0142pracy. Dzi\u0119ki naszemu do\u015bwiadczeniu mo\u017cemy dostosowa\u0107 si\u0119 do Twoich indywidualnych potrzeb.<\/span><\/p>[\/et_pb_blurb][\/et_pb_column][\/et_pb_row][et_pb_row column_structure=&#8221;1_2,1_2&#8243; _builder_version=&#8221;4.16&#8243; custom_padding=&#8221;|||&#8221; use_custom_width=&#8221;on&#8221; global_colors_info=&#8221;{}&#8221;][et_pb_column type=&#8221;1_2&#8243; _builder_version=&#8221;4.16&#8243; custom_padding=&#8221;|||&#8221; global_colors_info=&#8221;{}&#8221; custom_padding__hover=&#8221;|||&#8221;][et_pb_blurb title=&#8221;Bogata oferta&#8221; image=&#8221;https:\/\/kmokno.pl\/wp-content\/uploads\/2024\/04\/Management.png&#8221; image_icon_width=&#8221;140px&#8221; _builder_version=&#8221;4.24.0&#8243; header_font=&#8221;Poppins|500|||||||&#8221; header_font_size=&#8221;18px&#8221; header_line_height=&#8221;1.7em&#8221; body_font=&#8221;Poppins|300|||||||&#8221; body_font_size=&#8221;16px&#8221; body_line_height=&#8221;1.8em&#8221; background_color=&#8221;#ffffff&#8221; text_orientation=&#8221;center&#8221; module_alignment=&#8221;left&#8221; custom_padding_last_edited=&#8221;off|desktop&#8221; animation_style=&#8221;zoom&#8221; animation_intensity_zoom=&#8221;8%&#8221; animation=&#8221;off&#8221; icon_font_size=&#8221;32px&#8221; global_colors_info=&#8221;{}&#8221;]<p style=\"text-align: justify;\">Oferujemy nie tylko okna i drzwi, ale tak\u017ce rolety, parapety i inne akcesoria. Nasza kompleksowa oferta umo\u017cliwia kompletny dob\u00f3r stolarki do Twojego projektu<\/p>[\/et_pb_blurb][\/et_pb_column][et_pb_column type=&#8221;1_2&#8243; _builder_version=&#8221;4.16&#8243; custom_padding=&#8221;|||&#8221; global_colors_info=&#8221;{}&#8221; custom_padding__hover=&#8221;|||&#8221;][et_pb_blurb title=&#8221;Jako\u015b\u0107 potwierdzona certyfikatami&#8221; image=&#8221;https:\/\/kmokno.pl\/wp-content\/uploads\/2024\/04\/Contract.png&#8221; image_icon_width=&#8221;140px&#8221; _builder_version=&#8221;4.24.0&#8243; header_font=&#8221;Poppins|500|||||||&#8221; header_font_size=&#8221;18px&#8221; header_line_height=&#8221;1.7em&#8221; body_font=&#8221;Poppins|300|||||||&#8221; body_font_size=&#8221;16px&#8221; body_line_height=&#8221;1.8em&#8221; background_color=&#8221;#ffffff&#8221; text_orientation=&#8221;center&#8221; module_alignment=&#8221;left&#8221; custom_padding_last_edited=&#8221;off|desktop&#8221; animation_style=&#8221;zoom&#8221; animation_intensity_zoom=&#8221;8%&#8221; animation=&#8221;off&#8221; icon_font_size=&#8221;32px&#8221; global_colors_info=&#8221;{}&#8221;]<p style=\"text-align: justify;\">Nasze produkty spe\u0142niaj\u0105 najwy\u017csze standardy jako\u015bci. Posiadamy certyfikaty oraz znaki CE, a nasze okna s\u0105 oparte na technologiach profili PVC i aluminium<\/p>[\/et_pb_blurb][\/et_pb_column][\/et_pb_row][et_pb_row column_structure=&#8221;1_2,1_2&#8243; _builder_version=&#8221;4.24.0&#8243; custom_padding=&#8221;|||&#8221; use_custom_width=&#8221;on&#8221; global_colors_info=&#8221;{}&#8221;][et_pb_column type=&#8221;1_2&#8243; _builder_version=&#8221;4.16&#8243; custom_padding=&#8221;|||&#8221; global_colors_info=&#8221;{}&#8221; custom_padding__hover=&#8221;|||&#8221;][et_pb_blurb title=&#8221;Dostawa na czas&#8221; image=&#8221;https:\/\/kmokno.pl\/wp-content\/uploads\/2024\/04\/Schedule.png&#8221; image_icon_width=&#8221;140px&#8221; _builder_version=&#8221;4.24.0&#8243; header_font=&#8221;Poppins|500|||||||&#8221; header_font_size=&#8221;18px&#8221; header_line_height=&#8221;1.7em&#8221; body_font=&#8221;Poppins|300|||||||&#8221; body_font_size=&#8221;16px&#8221; body_line_height=&#8221;1.8em&#8221; background_color=&#8221;#ffffff&#8221; text_orientation=&#8221;center&#8221; module_alignment=&#8221;left&#8221; custom_padding_last_edited=&#8221;off|desktop&#8221; animation_style=&#8221;zoom&#8221; animation_intensity_zoom=&#8221;8%&#8221; animation=&#8221;off&#8221; icon_font_size=&#8221;32px&#8221; global_colors_info=&#8221;{}&#8221;]<p style=\"text-align: justify;\"><span>Organizujemy pe\u0142n\u0105 logistyk\u0119, dostarczaj\u0105c produkty wprost do Twojego salonu, magazynu czy budow\u0119.<\/span><\/p>[\/et_pb_blurb][\/et_pb_column][et_pb_column type=&#8221;1_2&#8243; _builder_version=&#8221;4.24.0&#8243; _module_preset=&#8221;default&#8221; global_colors_info=&#8221;{}&#8221;][\/et_pb_column][\/et_pb_row][\/et_pb_section][et_pb_section fb_built=&#8221;1&#8243; _builder_version=&#8221;4.24.0&#8243; _module_preset=&#8221;default&#8221; custom_padding=&#8221;0px||92px|||&#8221; hover_enabled=&#8221;0&#8243; global_colors_info=&#8221;{}&#8221; bottom_divider_style=&#8221;asymmetric2&#8243; bottom_divider_color=&#8221;#294691&#8243; sticky_enabled=&#8221;0&#8243;][et_pb_row _builder_version=&#8221;4.24.0&#8243; _module_preset=&#8221;default&#8221; global_colors_info=&#8221;{}&#8221;][et_pb_column type=&#8221;4_4&#8243; _builder_version=&#8221;4.24.0&#8243; _module_preset=&#8221;default&#8221; global_colors_info=&#8221;{}&#8221;][ba_animated_text prefix=&#8221;Zosta\u0144 naszym&#8221; animated_text=&#8221;%91{%22value%22:%22PARTNEREM%22,%22checked%22:0,%22dragID%22:-1},{%22value%22:%22DYSTRYBUTOREM%22,%22checked%22:0,%22dragID%22:0},{%22value%22:%22KLIENTEM%22,%22checked%22:0,%22dragID%22:1}%93&#8243; suffix=&#8221;!&#8221; animation_speed=&#8221;135ms&#8221; text_alignment=&#8221;center&#8221; _builder_version=&#8221;4.24.0&#8243; _module_preset=&#8221;default&#8221; animated_text_color=&#8221;#354559&#8243; main_text_color=&#8221;#294691&#8243; global_colors_info=&#8221;{}&#8221;][\/ba_animated_text][et_pb_text _builder_version=&#8221;4.24.0&#8243; _module_preset=&#8221;default&#8221; text_font=&#8221;|300|||||||&#8221; global_colors_info=&#8221;{}&#8221;]<p style=\"text-align: justify;\">Jeste\u015b zainteresowany wsp\u00f3\u0142prac\u0105? Naszymi kluczowymi partnerami s\u0105 dystrybutorzy, z kt\u00f3rymi pragniemy nawi\u0105za\u0107 d\u0142ugotrwa\u0142e relacje oparte na zaufaniu i profesjonalizmie. Dzi\u0119ki temu obie strony zyskuj\u0105 wymierne korzy\u015bci biznesowe. Oferujemy naszym partnerom pe\u0142ne wsparcie oraz szeroki wachlarz benefit\u00f3w, takich jak preferencyjne warunki zakupowe i atrakcyjne rabaty.<\/p>[\/et_pb_text][\/et_pb_column][\/et_pb_row][et_pb_row column_structure=&#8221;1_3,1_3,1_3&#8243; _builder_version=&#8221;4.24.0&#8243; _module_preset=&#8221;default&#8221; global_colors_info=&#8221;{}&#8221;][et_pb_column type=&#8221;1_3&#8243; _builder_version=&#8221;4.24.0&#8243; _module_preset=&#8221;default&#8221; global_colors_info=&#8221;{}&#8221;][et_pb_blurb title=&#8221;Adres&#8221; use_icon=&#8221;on&#8221; font_icon=&#8221;&#xe081;||divi||400&#8243; icon_color=&#8221;#E02B20&#8243; icon_placement=&#8221;left&#8221; image_icon_width=&#8221;40px&#8221; _builder_version=&#8221;4.24.0&#8243; header_font=&#8221;Poppins|500|||||||&#8221; header_text_align=&#8221;left&#8221; header_text_color=&#8221;#000000&#8243; header_font_size=&#8221;20px&#8221; body_font=&#8221;Roboto|300|||||||&#8221; body_text_align=&#8221;left&#8221; body_text_color=&#8221;#000000&#8243; body_font_size=&#8221;15px&#8221; body_line_height=&#8221;1.8em&#8221; animation=&#8221;off&#8221; icon_font_size=&#8221;40px&#8221; global_colors_info=&#8221;{}&#8221;]<p>39-215 Czarna, Borowa 171<\/p>[\/et_pb_blurb][\/et_pb_column][et_pb_column type=&#8221;1_3&#8243; _builder_version=&#8221;4.24.0&#8243; _module_preset=&#8221;default&#8221; global_colors_info=&#8221;{}&#8221;][et_pb_blurb title=&#8221;Telefon&#8221; use_icon=&#8221;on&#8221; font_icon=&#8221;&#xf3cd;||fa||900&#8243; icon_color=&#8221;#E02B20&#8243; icon_placement=&#8221;left&#8221; image_icon_width=&#8221;40px&#8221; _builder_version=&#8221;4.24.0&#8243; header_font=&#8221;Poppins|500|||||||&#8221; header_text_align=&#8221;left&#8221; header_text_color=&#8221;#000000&#8243; header_font_size=&#8221;20px&#8221; body_font=&#8221;Roboto|300|||||||&#8221; body_text_align=&#8221;left&#8221; body_text_color=&#8221;#000000&#8243; body_font_size=&#8221;15px&#8221; body_line_height=&#8221;1.8em&#8221; custom_margin=&#8221;0px||0px|0px|false|false&#8221; custom_padding=&#8221;0px|0px|0px|0px|true|false&#8221; animation=&#8221;off&#8221; icon_font_size=&#8221;40px&#8221; global_colors_info=&#8221;{}&#8221;]<p>+48 609 997 744<\/p>[\/et_pb_blurb][\/et_pb_column][et_pb_column type=&#8221;1_3&#8243; _builder_version=&#8221;4.24.0&#8243; _module_preset=&#8221;default&#8221; global_colors_info=&#8221;{}&#8221;][et_pb_blurb title=&#8221;Email&#8221; use_icon=&#8221;on&#8221; font_icon=&#8221;&#xe010;||divi||400&#8243; icon_color=&#8221;#E02B20&#8243; icon_placement=&#8221;left&#8221; image_icon_width=&#8221;40px&#8221; _builder_version=&#8221;4.24.0&#8243; header_font=&#8221;Poppins|500|||||||&#8221; header_text_align=&#8221;left&#8221; header_text_color=&#8221;#000000&#8243; header_font_size=&#8221;20px&#8221; body_font=&#8221;Roboto|300|||||||&#8221; body_text_align=&#8221;left&#8221; body_text_color=&#8221;#000000&#8243; body_font_size=&#8221;15px&#8221; body_line_height=&#8221;1.8em&#8221; animation=&#8221;off&#8221; icon_font_size=&#8221;40px&#8221; global_colors_info=&#8221;{}&#8221;]<p><span>nowyklient@kmokno.pl<\/span><\/p>[\/et_pb_blurb][\/et_pb_column][\/et_pb_row][\/et_pb_section]\n","protected":false},"excerpt":{"rendered":"<p>Wsp\u00f3\u0142pracuj z KMOKNOJeste\u015bmy dumni, \u017ce mo\u017cemy nawi\u0105za\u0107 wsp\u00f3\u0142prac\u0119 z Tob\u0105! KMOKNO to firma, kt\u00f3ra od lat dostarcza najwy\u017cszej jako\u015bci okna i drzwi na rynki europejskie. Nasze produkty zdoby\u0142y uznanie klient\u00f3w, a my jeste\u015bmy gotowi podzieli\u0107 si\u0119 naszym do\u015bwiadczeniem z Tob\u0105.Dlaczego warto wybra\u0107 KMOKNO jako partnera?Nasze okna i drzwi s\u0105 oparte na nowoczesnych technologiach i materia\u0142ach. [&hellip;]<\/p>\n","protected":false},"author":1,"featured_media":0,"parent":0,"menu_order":0,"comment_status":"closed","ping_status":"closed","template":"","meta":{"_et_pb_use_builder":"on","_et_pb_old_content":"","_et_gb_content_width":"","footnotes":""},"class_list":["post-147","page","type-page","status-publish","hentry"],"aioseo_notices":[],"_links":{"self":[{"href":"https:\/\/kmokno.pl\/de\/wp-json\/wp\/v2\/pages\/147","targetHints":{"allow":["GET"]}}],"collection":[{"href":"https:\/\/kmokno.pl\/de\/wp-json\/wp\/v2\/pages"}],"about":[{"href":"https:\/\/kmokno.pl\/de\/wp-json\/wp\/v2\/types\/page"}],"author":[{"embeddable":true,"href":"https:\/\/kmokno.pl\/de\/wp-json\/wp\/v2\/users\/1"}],"replies":[{"embeddable":true,"href":"https:\/\/kmokno.pl\/de\/wp-json\/wp\/v2\/comments?post=147"}],"version-history":[{"count":28,"href":"https:\/\/kmokno.pl\/de\/wp-json\/wp\/v2\/pages\/147\/revisions"}],"predecessor-version":[{"id":84418,"href":"https:\/\/kmokno.pl\/de\/wp-json\/wp\/v2\/pages\/147\/revisions\/84418"}],"wp:attachment":[{"href":"https:\/\/kmokno.pl\/de\/wp-json\/wp\/v2\/media?parent=147"}],"curies":[{"name":"wp","href":"https:\/\/api.w.org\/{rel}","templated":true}]}}