{"id":152,"date":"2024-02-17T00:07:32","date_gmt":"2024-02-16T23:07:32","guid":{"rendered":"https:\/\/km.kmokno.eu\/?page_id=152"},"modified":"2025-11-18T17:05:58","modified_gmt":"2025-11-18T16:05:58","slug":"kontakt","status":"publish","type":"page","link":"https:\/\/kmokno.pl\/de\/kontakt\/","title":{"rendered":"Kontakt"},"content":{"rendered":"<p>[et_pb_section fb_built=&#8221;1&#8243; _builder_version=&#8221;4.24.0&#8243; _module_preset=&#8221;default&#8221; custom_padding=&#8221;36px||0px|||&#8221; global_colors_info=&#8221;{}&#8221;][et_pb_row column_structure=&#8221;1_2,1_2&#8243; _builder_version=&#8221;4.24.0&#8243; _module_preset=&#8221;default&#8221; background_enable_color=&#8221;off&#8221; transform_scale=&#8221;130%|130%&#8221; custom_margin=&#8221;50px||50px||false|false&#8221; custom_padding=&#8221;40px|40px|10px|40px|false|false&#8221; border_radii=&#8221;on|10px|10px|10px|10px&#8221; global_colors_info=&#8221;{}&#8221;][et_pb_column type=&#8221;1_2&#8243; _builder_version=&#8221;4.24.0&#8243; _module_preset=&#8221;default&#8221; global_colors_info=&#8221;{}&#8221;][et_pb_text _builder_version=&#8221;4.24.0&#8243; _module_preset=&#8221;default&#8221; text_font=&#8221;Poppins|300|||||||&#8221; text_font_size=&#8221;18px&#8221; text_line_height=&#8221;1.8em&#8221; text_orientation=&#8221;center&#8221; width=&#8221;110%&#8221; max_width=&#8221;100%&#8221; module_alignment=&#8221;center&#8221; min_height=&#8221;234px&#8221; custom_margin=&#8221;7px||||false|false&#8221; custom_padding=&#8221;0px||||false|false&#8221; border_radii=&#8221;on|12px|12px|12px|12px&#8221; global_colors_info=&#8221;{}&#8221;]<\/p>\n<p>KM OKNO S.C. Kleszcz Bogus\u0142aw, Kleszcz-W\u00f3jcik Ewa<br \/>39-215 Czarna, Borowa 171<br \/>NIP: 7343289624<br \/>REGON: <span>120640548<\/span><\/p>\n<p>[\/et_pb_text][\/et_pb_column][et_pb_column type=&#8221;1_2&#8243; _builder_version=&#8221;4.24.0&#8243; _module_preset=&#8221;default&#8221; global_colors_info=&#8221;{}&#8221;][et_pb_image src=&#8221;https:\/\/kmokno.pl\/wp-content\/uploads\/2024\/02\/Logo-e1708353019938.png&#8221; title_text=&#8221;Logo&#8221; disabled_on=&#8221;on|on|off&#8221; _builder_version=&#8221;4.24.0&#8243; _module_preset=&#8221;default&#8221; global_colors_info=&#8221;{}&#8221;][\/et_pb_image][\/et_pb_column][\/et_pb_row][\/et_pb_section][et_pb_section fb_built=&#8221;1&#8243; disabled_on=&#8221;on|on|off&#8221; _builder_version=&#8221;4.24.0&#8243; _module_preset=&#8221;default&#8221; custom_padding=&#8221;0px||0px|||&#8221; global_colors_info=&#8221;{}&#8221;][et_pb_row _builder_version=&#8221;4.24.0&#8243; _module_preset=&#8221;default&#8221; custom_margin=&#8221;||-60px||false|false&#8221; custom_padding=&#8221;0px|0px|0px|0px|false|false&#8221; global_colors_info=&#8221;{}&#8221;][et_pb_column type=&#8221;4_4&#8243; _builder_version=&#8221;4.24.0&#8243; _module_preset=&#8221;default&#8221; global_colors_info=&#8221;{}&#8221;][dnxte_flip_box front_icon_switch=&#8221;off&#8221; front_heading=&#8221;MASZ PYTANIE? JESTE\u015a ZAINTERESOWANY NASZ\u0104 OFERT\u0104?&#8221; front_bgc_color=&#8221;RGBA(255,255,255,0)&#8221; flipbox_placement=&#8221;down&#8221; back_icon_switch=&#8221;off&#8221; back_heading=&#8221;Skontaktuj si\u0119 z nami!&#8221; back_content=&#8221;<\/p>\n<p><span>poniedzia\u0142ek \u2013 pi\u0105tek od 7:00 do 15:00<\/span><\/p>\n<p>&#8221; back_bgc_color=&#8221;RGBA(255,255,255,0)&#8221; btn_show_hide=&#8221;off&#8221; _builder_version=&#8221;4.24.0&#8243; _module_preset=&#8221;default&#8221; front_flip_text_font=&#8221;Poppins||||||||&#8221; front_flip_text_text_color=&#8221;#515151&#8243; front_flip_text_font_size=&#8221;54px&#8221; back_flip_text_font=&#8221;Poppins|500|||||||&#8221; back_flip_text_text_color=&#8221;#515151&#8243; back_flip_text_font_size=&#8221;70px&#8221; front_body_text_color=&#8221;#000000&#8243; back_body_text_color=&#8221;#757575&#8243; custom_margin=&#8221;-27px||-59px||false|false&#8221; custom_padding=&#8221;||0px||false|false&#8221; global_colors_info=&#8221;{}&#8221;][\/dnxte_flip_box][\/et_pb_column][\/et_pb_row][\/et_pb_section][et_pb_section fb_built=&#8221;1&#8243; admin_label=&#8221;Contact&#8221; _builder_version=&#8221;4.24.0&#8243; custom_margin=&#8221;13px||||false|false&#8221; custom_padding=&#8221;0px||0px||true|false&#8221; top_divider_color=&#8221;#0C71C3&#8243; top_divider_height=&#8221;105px&#8221; saved_tabs=&#8221;all&#8221; global_colors_info=&#8221;{}&#8221;][et_pb_row column_structure=&#8221;1_3,1_3,1_3&#8243; use_custom_gutter=&#8221;on&#8221; gutter_width=&#8221;2&#8243; _builder_version=&#8221;4.24.0&#8243; max_width=&#8221;1440px&#8221; custom_padding=&#8221;|||&#8221; use_custom_width=&#8221;on&#8221; custom_width_px=&#8221;1440px&#8221; global_colors_info=&#8221;{}&#8221;][et_pb_column type=&#8221;1_3&#8243; _builder_version=&#8221;4.16&#8243; custom_padding=&#8221;|||&#8221; global_colors_info=&#8221;{}&#8221; custom_padding__hover=&#8221;|||&#8221;][et_pb_blurb title=&#8221;DZIA\u0141 pvc&#8221; image=&#8221;https:\/\/kmokno.pl\/wp-content\/uploads\/2024\/05\/advisor.png&#8221; image_icon_width=&#8221;30%&#8221; _builder_version=&#8221;4.24.0&#8243; header_font=&#8221;Poppins|||on|||||&#8221; header_font_size=&#8221;26px&#8221; header_line_height=&#8221;1.7em&#8221; body_font=&#8221;Poppins|300|||||||&#8221; body_font_size=&#8221;15px&#8221; body_line_height=&#8221;1.8em&#8221; background_enable_color=&#8221;off&#8221; background_enable_image=&#8221;off&#8221; image_icon_custom_margin=&#8221;0px||0px||false|false&#8221; image_icon_custom_padding=&#8221;0px|0px|0px|0px|false|false&#8221; text_orientation=&#8221;center&#8221; module_alignment=&#8221;center&#8221; max_height=&#8221;325px&#8221; custom_margin=&#8221;||0px|&#8221; custom_padding=&#8221;30px|20px|40px|20px|false|true&#8221; custom_padding_tablet=&#8221;&#8221; custom_padding_phone=&#8221;&#8221; custom_padding_last_edited=&#8221;on|phone&#8221; animation_style=&#8221;zoom&#8221; animation_intensity_zoom=&#8221;8%&#8221; animation=&#8221;off&#8221; border_radii=&#8221;on|10px|10px|10px|10px&#8221; border_radii_image=&#8221;on|0%|0%|0%|0%&#8221; box_shadow_style=&#8221;preset1&#8243; box_shadow_color=&#8221;rgba(110,130,208,0.18)&#8221; icon_font_size=&#8221;32px&#8221; use_circle=&#8221;on&#8221; circle_color=&#8221;rgba(122,105,230,0.3)&#8221; locked=&#8221;off&#8221; global_colors_info=&#8221;{}&#8221; image_icon_background_color__sticky_enabled=&#8221;#7EBEC5&#8243; image_icon_background_color__sticky=&#8221;#7EBEC5&#8243;]<\/p>\n<p>tel.\u00a0 146814298<\/p>\n<p>e-mail: zamowienia@kmokno.pl<\/p>\n<p>[\/et_pb_blurb][\/et_pb_column][et_pb_column type=&#8221;1_3&#8243; _builder_version=&#8221;4.16&#8243; custom_padding=&#8221;|||&#8221; global_colors_info=&#8221;{}&#8221; custom_padding__hover=&#8221;|||&#8221;][et_pb_blurb title=&#8221;DZIA\u0141 ALUMINIUM&#8221; image=&#8221;https:\/\/kmokno.pl\/wp-content\/uploads\/2024\/05\/advisor.png&#8221; image_icon_width=&#8221;30%&#8221; _builder_version=&#8221;4.24.0&#8243; header_font=&#8221;Poppins|||on|||||&#8221; header_font_size=&#8221;26px&#8221; header_line_height=&#8221;1.7em&#8221; body_font=&#8221;Poppins|300|||||||&#8221; body_font_size=&#8221;15px&#8221; body_line_height=&#8221;1.8em&#8221; background_enable_color=&#8221;off&#8221; background_enable_image=&#8221;off&#8221; image_icon_custom_margin=&#8221;0px||0px||false|false&#8221; image_icon_custom_padding=&#8221;0px|0px|0px|0px|false|false&#8221; text_orientation=&#8221;center&#8221; module_alignment=&#8221;center&#8221; max_height=&#8221;325px&#8221; custom_margin=&#8221;||0px|&#8221; custom_padding=&#8221;30px|20px|40px|20px|false|true&#8221; custom_padding_tablet=&#8221;&#8221; custom_padding_phone=&#8221;&#8221; custom_padding_last_edited=&#8221;on|phone&#8221; animation_style=&#8221;zoom&#8221; animation_intensity_zoom=&#8221;8%&#8221; animation=&#8221;off&#8221; border_radii=&#8221;on|10px|10px|10px|10px&#8221; border_radii_image=&#8221;on|0%|0%|0%|0%&#8221; box_shadow_style=&#8221;preset1&#8243; box_shadow_color=&#8221;rgba(110,130,208,0.18)&#8221; icon_font_size=&#8221;32px&#8221; use_circle=&#8221;on&#8221; circle_color=&#8221;rgba(122,105,230,0.3)&#8221; locked=&#8221;off&#8221; global_colors_info=&#8221;{}&#8221; image_icon_background_color__sticky_enabled=&#8221;#7EBEC5&#8243; image_icon_background_color__sticky=&#8221;#7EBEC5&#8243;]<\/p>\n<p>tel. 609 997 744<\/p>\n<p>e-mail: aluminium@kmokno.pl<\/p>\n<p>[\/et_pb_blurb][\/et_pb_column][et_pb_column type=&#8221;1_3&#8243; _builder_version=&#8221;4.16&#8243; custom_padding=&#8221;|||&#8221; global_colors_info=&#8221;{}&#8221; custom_padding__hover=&#8221;|||&#8221;][et_pb_blurb title=&#8221;WSP\u00d3\u0141PRACA HANDLOWA&#8221; image=&#8221;https:\/\/kmokno.pl\/wp-content\/uploads\/2024\/05\/introduction.png&#8221; image_icon_width=&#8221;30%&#8221; _builder_version=&#8221;4.24.0&#8243; header_font=&#8221;Poppins|||on|||||&#8221; header_text_color=&#8221;#000000&#8243; header_font_size=&#8221;26px&#8221; header_line_height=&#8221;1.7em&#8221; body_font=&#8221;Poppins|300|||||||&#8221; body_text_color=&#8221;#000000&#8243; body_font_size=&#8221;15px&#8221; body_line_height=&#8221;1.8em&#8221; background_enable_color=&#8221;off&#8221; background_enable_image=&#8221;off&#8221; image_icon_custom_margin=&#8221;0px||0px||false|false&#8221; image_icon_custom_padding=&#8221;0px|0px|0px|0px|false|false&#8221; text_orientation=&#8221;center&#8221; module_alignment=&#8221;center&#8221; max_height=&#8221;325px&#8221; custom_margin=&#8221;||0px|&#8221; custom_padding=&#8221;30px|20px|40px|20px|false|true&#8221; custom_padding_tablet=&#8221;&#8221; custom_padding_phone=&#8221;&#8221; custom_padding_last_edited=&#8221;on|phone&#8221; animation_style=&#8221;zoom&#8221; animation_intensity_zoom=&#8221;8%&#8221; animation=&#8221;off&#8221; border_radii=&#8221;on|10px|10px|10px|10px&#8221; border_radii_image=&#8221;on|0%|0%|0%|0%&#8221; box_shadow_style=&#8221;preset1&#8243; box_shadow_color=&#8221;rgba(110,130,208,0.18)&#8221; icon_font_size=&#8221;32px&#8221; use_circle=&#8221;on&#8221; circle_color=&#8221;rgba(122,105,230,0.3)&#8221; locked=&#8221;off&#8221; global_colors_info=&#8221;{}&#8221; image_icon_background_color__sticky_enabled=&#8221;#7EBEC5&#8243; image_icon_background_color__sticky=&#8221;#7EBEC5&#8243;]<\/p>\n<p><strong>Chc\u0119 zosta\u0107 dystrybutorem?<\/strong><br \/>tel. 609 997 744<br \/>e-mail: nowyklient@kmokno.pl<\/p>\n<p>[\/et_pb_blurb][\/et_pb_column][\/et_pb_row][et_pb_row column_structure=&#8221;1_3,1_3,1_3&#8243; use_custom_gutter=&#8221;on&#8221; gutter_width=&#8221;2&#8243; _builder_version=&#8221;4.16&#8243; max_width=&#8221;1440px&#8221; custom_padding=&#8221;|||&#8221; use_custom_width=&#8221;on&#8221; custom_width_px=&#8221;1440px&#8221; global_colors_info=&#8221;{}&#8221;][et_pb_column type=&#8221;1_3&#8243; _builder_version=&#8221;4.16&#8243; custom_padding=&#8221;|||&#8221; global_colors_info=&#8221;{}&#8221; custom_padding__hover=&#8221;|||&#8221;][et_pb_blurb title=&#8221;Dzia\u0142 Fakturowania&#8221; image=&#8221;https:\/\/kmokno.pl\/wp-content\/uploads\/2024\/05\/hard-at-work.png&#8221; image_icon_width=&#8221;30%&#8221; _builder_version=&#8221;4.24.0&#8243; header_font=&#8221;Poppins|||on|||||&#8221; header_text_color=&#8221;#000000&#8243; header_font_size=&#8221;26px&#8221; header_line_height=&#8221;1.7em&#8221; body_font=&#8221;Poppins|300|||||||&#8221; body_text_color=&#8221;#000000&#8243; body_font_size=&#8221;15px&#8221; body_line_height=&#8221;1.8em&#8221; background_enable_color=&#8221;off&#8221; background_enable_image=&#8221;off&#8221; image_icon_custom_margin=&#8221;0px||0px||false|false&#8221; image_icon_custom_padding=&#8221;0px|0px|0px|0px|false|false&#8221; text_orientation=&#8221;center&#8221; module_alignment=&#8221;center&#8221; max_height=&#8221;325px&#8221; custom_margin=&#8221;||0px|&#8221; custom_padding=&#8221;30px|20px|40px|20px|false|true&#8221; custom_padding_tablet=&#8221;&#8221; custom_padding_phone=&#8221;&#8221; custom_padding_last_edited=&#8221;on|phone&#8221; animation_style=&#8221;zoom&#8221; animation_intensity_zoom=&#8221;8%&#8221; animation=&#8221;off&#8221; border_radii=&#8221;on|10px|10px|10px|10px&#8221; border_radii_image=&#8221;on|0%|0%|0%|0%&#8221; box_shadow_style=&#8221;preset1&#8243; box_shadow_color=&#8221;rgba(110,130,208,0.18)&#8221; icon_font_size=&#8221;32px&#8221; use_circle=&#8221;on&#8221; circle_color=&#8221;rgba(122,105,230,0.3)&#8221; locked=&#8221;off&#8221; global_colors_info=&#8221;{}&#8221; image_icon_background_color__sticky_enabled=&#8221;#7EBEC5&#8243; image_icon_background_color__sticky=&#8221;#7EBEC5&#8243;]tel. 733 554 656 tel. 509 452 567<br \/>\ntel. 574 226 509<br \/>\ne-mail: biuro@kmokno.pl[\/et_pb_blurb][\/et_pb_column][et_pb_column type=&#8221;1_3&#8243; _builder_version=&#8221;4.16&#8243; custom_padding=&#8221;|||&#8221; global_colors_info=&#8221;{}&#8221; custom_padding__hover=&#8221;|||&#8221;][et_pb_blurb title=&#8221;DZIA\u0141 LOGISTYKI&#8221; image=&#8221;https:\/\/kmokno.pl\/wp-content\/uploads\/2024\/05\/schedule.png&#8221; image_icon_width=&#8221;30%&#8221; _builder_version=&#8221;4.24.0&#8243; header_font=&#8221;Poppins|||on|||||&#8221; header_text_color=&#8221;#000000&#8243; header_font_size=&#8221;25px&#8221; header_line_height=&#8221;1.7em&#8221; body_font=&#8221;Poppins|300|||||||&#8221; body_text_color=&#8221;#000000&#8243; body_font_size=&#8221;15px&#8221; body_line_height=&#8221;1.8em&#8221; background_enable_color=&#8221;off&#8221; background_enable_image=&#8221;off&#8221; image_icon_custom_margin=&#8221;0px||0px||false|false&#8221; image_icon_custom_padding=&#8221;0px|0px|0px|0px|false|false&#8221; text_orientation=&#8221;center&#8221; module_alignment=&#8221;center&#8221; max_height=&#8221;325px&#8221; custom_margin=&#8221;||0px|&#8221; custom_padding=&#8221;30px|20px|40px|20px|false|true&#8221; custom_padding_tablet=&#8221;&#8221; custom_padding_phone=&#8221;&#8221; custom_padding_last_edited=&#8221;on|phone&#8221; animation_style=&#8221;zoom&#8221; animation_intensity_zoom=&#8221;8%&#8221; animation=&#8221;off&#8221; border_radii=&#8221;on|10px|10px|10px|10px&#8221; border_radii_image=&#8221;on|0%|0%|0%|0%&#8221; box_shadow_style=&#8221;preset1&#8243; box_shadow_color=&#8221;rgba(110,130,208,0.18)&#8221; icon_font_size=&#8221;32px&#8221; use_circle=&#8221;on&#8221; circle_color=&#8221;rgba(122,105,230,0.3)&#8221; locked=&#8221;off&#8221; global_colors_info=&#8221;{}&#8221; image_icon_background_color__sticky_enabled=&#8221;#7EBEC5&#8243; image_icon_background_color__sticky=&#8221;#7EBEC5&#8243;]<\/p>\n<p>tel. 501 447 123 tel. 573 110 969<br \/>tel. 571 604 652<br \/>e-mail: logistyka@kmokno.pl<\/p>\n<p>[\/et_pb_blurb][\/et_pb_column][et_pb_column type=&#8221;1_3&#8243; _builder_version=&#8221;4.16&#8243; custom_padding=&#8221;|||&#8221; global_colors_info=&#8221;{}&#8221; custom_padding__hover=&#8221;|||&#8221;][et_pb_blurb title=&#8221;DZIA\u0141 REKLAMACJI&#8221; image=&#8221;https:\/\/kmokno.pl\/wp-content\/uploads\/2024\/05\/maintenance.png&#8221; image_icon_width=&#8221;29%&#8221; _builder_version=&#8221;4.24.0&#8243; header_font=&#8221;Poppins||||||||&#8221; header_font_size=&#8221;25px&#8221; header_line_height=&#8221;1.7em&#8221; body_font=&#8221;Poppins|300|||||||&#8221; body_text_color=&#8221;#000000&#8243; body_font_size=&#8221;15px&#8221; body_line_height=&#8221;1.8em&#8221; background_enable_color=&#8221;off&#8221; background_enable_image=&#8221;off&#8221; image_icon_custom_margin=&#8221;0px||0px||false|false&#8221; image_icon_custom_padding=&#8221;0px|0px|0px|0px|false|false&#8221; text_orientation=&#8221;center&#8221; module_alignment=&#8221;center&#8221; max_height=&#8221;325px&#8221; custom_margin=&#8221;||0px|&#8221; custom_padding=&#8221;30px|20px|40px|20px|false|true&#8221; custom_padding_tablet=&#8221;&#8221; custom_padding_phone=&#8221;&#8221; custom_padding_last_edited=&#8221;on|phone&#8221; animation_style=&#8221;zoom&#8221; animation_intensity_zoom=&#8221;8%&#8221; animation=&#8221;off&#8221; border_radii=&#8221;on|10px|10px|10px|10px&#8221; border_radii_image=&#8221;on|0%|0%|0%|0%&#8221; box_shadow_style=&#8221;preset1&#8243; box_shadow_color=&#8221;rgba(110,130,208,0.18)&#8221; icon_font_size=&#8221;32px&#8221; use_circle=&#8221;on&#8221; circle_color=&#8221;rgba(122,105,230,0.3)&#8221; locked=&#8221;off&#8221; global_colors_info=&#8221;{}&#8221; image_icon_background_color__sticky_enabled=&#8221;#7EBEC5&#8243; image_icon_background_color__sticky=&#8221;#7EBEC5&#8243;]<\/p>\n<p>tel. 501 447 043<br \/>tel. 509 615 452<br \/>e-mail: reklamacje@kmokno.pl<\/p>\n<p>[\/et_pb_blurb][\/et_pb_column][\/et_pb_row][et_pb_row column_structure=&#8221;1_3,1_3,1_3&#8243; use_custom_gutter=&#8221;on&#8221; gutter_width=&#8221;2&#8243; _builder_version=&#8221;4.16&#8243; max_width=&#8221;1440px&#8221; custom_padding=&#8221;|||&#8221; use_custom_width=&#8221;on&#8221; custom_width_px=&#8221;1440px&#8221; global_colors_info=&#8221;{}&#8221;][et_pb_column type=&#8221;1_3&#8243; _builder_version=&#8221;4.16&#8243; custom_padding=&#8221;|||&#8221; global_colors_info=&#8221;{}&#8221; custom_padding__hover=&#8221;|||&#8221;][et_pb_blurb title=&#8221;BIURO OBS\u0141UGA KLIENTA D\u0118BICA&#8221; image=&#8221;https:\/\/kmokno.pl\/wp-content\/uploads\/2024\/05\/business-man.png&#8221; image_icon_width=&#8221;29%&#8221; _builder_version=&#8221;4.24.0&#8243; header_font=&#8221;Poppins||||||||&#8221; header_font_size=&#8221;18px&#8221; header_line_height=&#8221;1.7em&#8221; body_font=&#8221;Poppins|300|||||||&#8221; body_text_color=&#8221;#000000&#8243; body_font_size=&#8221;15px&#8221; body_line_height=&#8221;1.8em&#8221; background_enable_color=&#8221;off&#8221; background_enable_image=&#8221;off&#8221; image_icon_custom_margin=&#8221;0px||0px||false|false&#8221; image_icon_custom_padding=&#8221;0px|0px|0px|0px|false|false&#8221; text_orientation=&#8221;center&#8221; module_alignment=&#8221;center&#8221; max_height=&#8221;325px&#8221; custom_margin=&#8221;||0px|&#8221; custom_padding=&#8221;30px|20px|40px|20px|false|true&#8221; custom_padding_tablet=&#8221;&#8221; custom_padding_phone=&#8221;&#8221; custom_padding_last_edited=&#8221;on|phone&#8221; animation_style=&#8221;zoom&#8221; animation_intensity_zoom=&#8221;8%&#8221; animation=&#8221;off&#8221; border_radii=&#8221;on|10px|10px|10px|10px&#8221; border_radii_image=&#8221;on|0%|0%|0%|0%&#8221; box_shadow_style=&#8221;preset1&#8243; box_shadow_color=&#8221;rgba(110,130,208,0.18)&#8221; icon_font_size=&#8221;32px&#8221; use_circle=&#8221;on&#8221; circle_color=&#8221;rgba(122,105,230,0.3)&#8221; locked=&#8221;off&#8221; global_colors_info=&#8221;{}&#8221; image_icon_background_color__sticky_enabled=&#8221;#7EBEC5&#8243; image_icon_background_color__sticky=&#8221;#7EBEC5&#8243;]<\/p>\n<p><strong>ODDZIA\u0141 D\u0118BICA ul. Rzeszowska 1<\/strong><br \/>tel: 690 997 751<br \/>e-mail: debica@kmokno.pl<\/p>\n<p>[\/et_pb_blurb][\/et_pb_column][et_pb_column type=&#8221;1_3&#8243; _builder_version=&#8221;4.16&#8243; custom_padding=&#8221;|||&#8221; global_colors_info=&#8221;{}&#8221; custom_padding__hover=&#8221;|||&#8221;][et_pb_blurb title=&#8221;Pomoc Techniczna pam&#8221; image=&#8221;https:\/\/kmokno.pl\/wp-content\/uploads\/2024\/05\/business-settings.png&#8221; image_icon_width=&#8221;30%&#8221; _builder_version=&#8221;4.24.0&#8243; header_font=&#8221;Poppins|||on|||||&#8221; header_font_size=&#8221;22px&#8221; header_line_height=&#8221;1.7em&#8221; body_font=&#8221;Poppins|300|||||||&#8221; body_text_color=&#8221;#000000&#8243; body_font_size=&#8221;15px&#8221; body_line_height=&#8221;1.8em&#8221; background_enable_color=&#8221;off&#8221; background_enable_image=&#8221;off&#8221; image_icon_custom_margin=&#8221;0px||0px||false|false&#8221; image_icon_custom_padding=&#8221;0px|0px|0px|0px|false|false&#8221; text_orientation=&#8221;center&#8221; module_alignment=&#8221;center&#8221; max_height=&#8221;325px&#8221; custom_margin=&#8221;||0px|&#8221; custom_padding=&#8221;30px|20px|40px|20px|false|true&#8221; custom_padding_tablet=&#8221;&#8221; custom_padding_phone=&#8221;&#8221; custom_padding_last_edited=&#8221;on|phone&#8221; animation_style=&#8221;zoom&#8221; animation_intensity_zoom=&#8221;8%&#8221; animation=&#8221;off&#8221; border_radii=&#8221;on|10px|10px|10px|10px&#8221; border_radii_image=&#8221;on|0%|0%|0%|0%&#8221; box_shadow_style=&#8221;preset1&#8243; box_shadow_color=&#8221;rgba(110,130,208,0.18)&#8221; icon_font_size=&#8221;32px&#8221; use_circle=&#8221;on&#8221; circle_color=&#8221;rgba(122,105,230,0.3)&#8221; locked=&#8221;off&#8221; global_colors_info=&#8221;{}&#8221; image_icon_background_color__sticky_enabled=&#8221;#7EBEC5&#8243; image_icon_background_color__sticky=&#8221;#7EBEC5&#8243;]<\/p>\n<p>Wsparcie zwi\u0105zane z obs\u0142ug\u0105 programu<br \/>tel. 571455126<br \/>e-mail: pomocpam@kmokno.pl<\/p>\n<p>[\/et_pb_blurb][\/et_pb_column][et_pb_column type=&#8221;1_3&#8243; _builder_version=&#8221;4.16&#8243; custom_padding=&#8221;|||&#8221; global_colors_info=&#8221;{}&#8221; custom_padding__hover=&#8221;|||&#8221;][\/et_pb_column][\/et_pb_row][\/et_pb_section][et_pb_section fb_built=&#8221;1&#8243; fullwidth=&#8221;on&#8221; _builder_version=&#8221;4.16&#8243; global_colors_info=&#8221;{}&#8221;][et_pb_fullwidth_code admin_label=&#8221;mapa&#8221; _builder_version=&#8221;4.24.0&#8243; custom_margin=&#8221;83px||72px|||&#8221; custom_padding=&#8221;42px|||||&#8221; global_colors_info=&#8221;{}&#8221;]<iframe loading=\"lazy\" src=\"https:\/\/www.google.com\/maps\/d\/u\/0\/embed?mid=1Jy20Z9Cc5cqs5nWolSYBK9Idt8KzbPE&#038;ehbc=2E312F\" width=\"100%\" height=\"550\" frameborder=\"0\" style=\"border:0\" allowfullscreen><\/iframe>[\/et_pb_fullwidth_code][\/et_pb_section]<\/p>\n","protected":false},"excerpt":{"rendered":"<p>KM OKNO S.C. Kleszcz Bogus\u0142aw, Kleszcz-W\u00f3jcik Ewa39-215 Czarna, Borowa 171NIP: 7343289624REGON: 120640548<div class=\"et_pb_module dnxte_flip_box dnxte_flip_box_0\">\n\t\t\t\t\n\t\t\t\t\n\t\t\t\t\n\t\t\t\t\n\t\t\t\t\n\t\t\t\t\n\t\t\t\t<div class=\"et_pb_module_inner\">\n\t\t\t\t\t<div class=\"dnext-flpb-flibbox-card-wrapper dnext-flpb-flibbox-flip-down\">\r\n\t\t\t\t<div class=\"dnext-flpb-flibbox-card\">\r\n\t\t\t\t\t<div class=\"dnext-flpb-flibbox-front\">\r\n\t\t\t\t\r\n\t\t\t\t<h4 class=\"dnext-flpb-flibbox-heading-font\">MASZ PYTANIE? JESTE\u015a ZAINTERESOWANY NASZ\u0104 OFERT\u0104?<\/h4>\r\n\t\t\t\t\r\n\t\t\t<\/div>\r\n\t\t\t\t\t<div class=\"dnext-flpb-flibbox-back\">\r\n\t\t\t\t\r\n\t\t\t\t<h4 class=\"dnext-flpb-flibbox-heading-back\">Skontaktuj si\u0119 z nami!<\/h4>\r\n\t\t\t\t<div class=\"dnext-flipbox-back-pra\">poniedzia\u0142ek \u2013 pi\u0105tek od 7:00 do 15:00<\/div>\n\r\n\t\t\t\t\r\n\t\t\t<\/div>\r\n\t\t\t\t<\/div>\r\n\t\t\t<\/div>\n\t\t\t\t<\/div>\n\t\t\t<\/div>tel.\u00a0 146814298 e-mail: zamowienia@kmokno.pltel. 609 997 744 e-mail: [&hellip;]<\/p>\n","protected":false},"author":1,"featured_media":0,"parent":0,"menu_order":0,"comment_status":"closed","ping_status":"closed","template":"","meta":{"_et_pb_use_builder":"on","_et_pb_old_content":"","_et_gb_content_width":"","footnotes":""},"class_list":["post-152","page","type-page","status-publish","hentry"],"aioseo_notices":[],"_links":{"self":[{"href":"https:\/\/kmokno.pl\/de\/wp-json\/wp\/v2\/pages\/152","targetHints":{"allow":["GET"]}}],"collection":[{"href":"https:\/\/kmokno.pl\/de\/wp-json\/wp\/v2\/pages"}],"about":[{"href":"https:\/\/kmokno.pl\/de\/wp-json\/wp\/v2\/types\/page"}],"author":[{"embeddable":true,"href":"https:\/\/kmokno.pl\/de\/wp-json\/wp\/v2\/users\/1"}],"replies":[{"embeddable":true,"href":"https:\/\/kmokno.pl\/de\/wp-json\/wp\/v2\/comments?post=152"}],"version-history":[{"count":75,"href":"https:\/\/kmokno.pl\/de\/wp-json\/wp\/v2\/pages\/152\/revisions"}],"predecessor-version":[{"id":84675,"href":"https:\/\/kmokno.pl\/de\/wp-json\/wp\/v2\/pages\/152\/revisions\/84675"}],"wp:attachment":[{"href":"https:\/\/kmokno.pl\/de\/wp-json\/wp\/v2\/media?parent=152"}],"curies":[{"name":"wp","href":"https:\/\/api.w.org\/{rel}","templated":true}]}}